{"id":9,"date":"2023-11-17T15:54:20","date_gmt":"2023-11-17T15:54:20","guid":{"rendered":"https:\/\/www.julien-charlier.fr\/?page_id=9"},"modified":"2025-01-07T11:20:37","modified_gmt":"2025-01-07T11:20:37","slug":"bande-dessinee","status":"publish","type":"page","link":"https:\/\/www.julien-charlier.fr\/?page_id=9","title":{"rendered":"Bande dessin\u00e9e"},"content":{"rendered":"\n<p>La bande dessin\u00e9e est un tr\u00e8s bon outil de communication, surtout pour des formats courts, type 1 page. C&rsquo;est un format qui se lit vite, et qui est tr\u00e8s parlant. C&rsquo;est \u00e0 dire qu&rsquo;avec les dessins, et le rapport entre ces derniers et le texte, l&rsquo;on comprends ce qui se passe (en gros bien sur) avant m\u00eame d&rsquo;avoir \u00e0 lire. C&rsquo;est un outil qui permet de rendre ainsi plus accessible certaines id\u00e9es, concepts qui peuvent \u00eatre un petit peu abstraits, voir complexes \u00e0 comprendre. <\/p>\n\n\n\n<p>Un des gros avantages de la bande dessin\u00e9e sur d&rsquo;autres formes de communication c&rsquo;est son accessibilit\u00e9 et sa capacit\u00e9 \u00e0 toucher un tr\u00e8s large \u00e9ventail,tail de personnes diff\u00e9rentes. De l&rsquo;enfant de 6 ans au papi de 80 ans tout le monde \u00e0 d\u00e9j\u00e0 lu de la bande dessin\u00e9e et sait en lire, et m\u00eame (pour faire le pendant avec le paragraphe du dessus) ceux qui ne sauraient pas lire, car cela arrive encore, il est possible de saisir l&rsquo;id\u00e9e globale avec une bande dessin\u00e9e. <\/p>\n\n\n\n<p>Bref, que ce soit pour de la vulgarisation ou pour de la communication \u00ab\u00a0l\u00e9g\u00e8re\u00a0\u00bb, la bande dessin\u00e9e est \u00e0 mes yeux un formidable outil dont il est serait dommage de se passer.<\/p>\n\n\n\n<p>Strip \u00ab\u00a0La fourrure\u00a0\u00bb<\/p>\n\n\n\n<div class=\"wp-block-jetpack-tiled-gallery aligncenter is-style-rectangular\"><div class=\"\"><div class=\"tiled-gallery__gallery\"><div class=\"tiled-gallery__row\"><div class=\"tiled-gallery__col\" style=\"flex-basis:66.72577%\"><figure class=\"tiled-gallery__item\"><img decoding=\"async\" srcset=\"https:\/\/i0.wp.com\/www.julien-charlier.fr\/wp-content\/uploads\/2025\/01\/bd_la_fourrure1.jpg?strip=info&#038;w=600&#038;ssl=1 600w,https:\/\/i0.wp.com\/www.julien-charlier.fr\/wp-content\/uploads\/2025\/01\/bd_la_fourrure1.jpg?strip=info&#038;w=650&#038;ssl=1 650w\" alt=\"\" data-height=\"650\" data-id=\"211\" data-link=\"https:\/\/www.julien-charlier.fr\/?attachment_id=211\" data-url=\"https:\/\/www.julien-charlier.fr\/wp-content\/uploads\/2025\/01\/bd_la_fourrure1.jpg\" data-width=\"650\" src=\"https:\/\/i0.wp.com\/www.julien-charlier.fr\/wp-content\/uploads\/2025\/01\/bd_la_fourrure1.jpg?ssl=1\" data-amp-layout=\"responsive\" aria-label=\"Ouvrir l\u2019image 1 sur 6 en plein \u00e9cran\"\/><\/figure><\/div><div class=\"tiled-gallery__col\" style=\"flex-basis:33.27423%\"><figure class=\"tiled-gallery__item\"><img decoding=\"async\" srcset=\"https:\/\/i0.wp.com\/www.julien-charlier.fr\/wp-content\/uploads\/2025\/01\/bd_la_fourrure2.jpg?strip=info&#038;w=600&#038;ssl=1 600w,https:\/\/i0.wp.com\/www.julien-charlier.fr\/wp-content\/uploads\/2025\/01\/bd_la_fourrure2.jpg?strip=info&#038;w=650&#038;ssl=1 650w\" alt=\"\" data-height=\"650\" data-id=\"212\" data-link=\"https:\/\/www.julien-charlier.fr\/?attachment_id=212\" data-url=\"https:\/\/www.julien-charlier.fr\/wp-content\/uploads\/2025\/01\/bd_la_fourrure2.jpg\" data-width=\"650\" src=\"https:\/\/i0.wp.com\/www.julien-charlier.fr\/wp-content\/uploads\/2025\/01\/bd_la_fourrure2.jpg?ssl=1\" data-amp-layout=\"responsive\" aria-label=\"Ouvrir l\u2019image 2 sur 6 en plein \u00e9cran\"\/><\/figure><figure class=\"tiled-gallery__item\"><img decoding=\"async\" srcset=\"https:\/\/i0.wp.com\/www.julien-charlier.fr\/wp-content\/uploads\/2025\/01\/bd_la_fourrure3.jpg?strip=info&#038;w=600&#038;ssl=1 600w,https:\/\/i0.wp.com\/www.julien-charlier.fr\/wp-content\/uploads\/2025\/01\/bd_la_fourrure3.jpg?strip=info&#038;w=650&#038;ssl=1 650w\" alt=\"\" data-height=\"650\" data-id=\"213\" data-link=\"https:\/\/www.julien-charlier.fr\/?attachment_id=213\" data-url=\"https:\/\/www.julien-charlier.fr\/wp-content\/uploads\/2025\/01\/bd_la_fourrure3.jpg\" data-width=\"650\" src=\"https:\/\/i0.wp.com\/www.julien-charlier.fr\/wp-content\/uploads\/2025\/01\/bd_la_fourrure3.jpg?ssl=1\" data-amp-layout=\"responsive\" aria-label=\"Ouvrir l\u2019image 3 sur 6 en plein \u00e9cran\"\/><\/figure><\/div><\/div><div class=\"tiled-gallery__row\"><div class=\"tiled-gallery__col\" style=\"flex-basis:33.33333%\"><figure class=\"tiled-gallery__item\"><img decoding=\"async\" srcset=\"https:\/\/i0.wp.com\/www.julien-charlier.fr\/wp-content\/uploads\/2025\/01\/bd_la_fourrure4.jpg?strip=info&#038;w=600&#038;ssl=1 600w,https:\/\/i0.wp.com\/www.julien-charlier.fr\/wp-content\/uploads\/2025\/01\/bd_la_fourrure4.jpg?strip=info&#038;w=650&#038;ssl=1 650w\" alt=\"\" data-height=\"650\" data-id=\"214\" data-link=\"https:\/\/www.julien-charlier.fr\/?attachment_id=214\" data-url=\"https:\/\/www.julien-charlier.fr\/wp-content\/uploads\/2025\/01\/bd_la_fourrure4.jpg\" data-width=\"650\" src=\"https:\/\/i0.wp.com\/www.julien-charlier.fr\/wp-content\/uploads\/2025\/01\/bd_la_fourrure4.jpg?ssl=1\" data-amp-layout=\"responsive\" aria-label=\"Ouvrir l\u2019image 4 sur 6 en plein \u00e9cran\"\/><\/figure><\/div><div class=\"tiled-gallery__col\" style=\"flex-basis:33.33333%\"><figure class=\"tiled-gallery__item\"><img decoding=\"async\" srcset=\"https:\/\/i0.wp.com\/www.julien-charlier.fr\/wp-content\/uploads\/2025\/01\/bd_la_fourrure5.jpg?strip=info&#038;w=600&#038;ssl=1 600w,https:\/\/i0.wp.com\/www.julien-charlier.fr\/wp-content\/uploads\/2025\/01\/bd_la_fourrure5.jpg?strip=info&#038;w=650&#038;ssl=1 650w\" alt=\"\" data-height=\"650\" data-id=\"215\" data-link=\"https:\/\/www.julien-charlier.fr\/?attachment_id=215\" data-url=\"https:\/\/www.julien-charlier.fr\/wp-content\/uploads\/2025\/01\/bd_la_fourrure5.jpg\" data-width=\"650\" src=\"https:\/\/i0.wp.com\/www.julien-charlier.fr\/wp-content\/uploads\/2025\/01\/bd_la_fourrure5.jpg?ssl=1\" data-amp-layout=\"responsive\" aria-label=\"Ouvrir l\u2019image 5 sur 6 en plein \u00e9cran\"\/><\/figure><\/div><div class=\"tiled-gallery__col\" style=\"flex-basis:33.33333%\"><figure class=\"tiled-gallery__item\"><img decoding=\"async\" srcset=\"https:\/\/i0.wp.com\/www.julien-charlier.fr\/wp-content\/uploads\/2025\/01\/bd_la_fourrure6.jpg?strip=info&#038;w=600&#038;ssl=1 600w,https:\/\/i0.wp.com\/www.julien-charlier.fr\/wp-content\/uploads\/2025\/01\/bd_la_fourrure6.jpg?strip=info&#038;w=650&#038;ssl=1 650w\" alt=\"\" data-height=\"650\" data-id=\"216\" data-link=\"https:\/\/www.julien-charlier.fr\/?attachment_id=216\" data-url=\"https:\/\/www.julien-charlier.fr\/wp-content\/uploads\/2025\/01\/bd_la_fourrure6.jpg\" data-width=\"650\" src=\"https:\/\/i0.wp.com\/www.julien-charlier.fr\/wp-content\/uploads\/2025\/01\/bd_la_fourrure6.jpg?ssl=1\" data-amp-layout=\"responsive\" aria-label=\"Ouvrir l\u2019image 6 sur 6 en plein \u00e9cran\"\/><\/figure><\/div><\/div><\/div><\/div><\/div>\n\n\n\n<p>Strip r\u00e9alis\u00e9 pour un client qui m&rsquo;a fourni le sc\u00e9nario. Dessin, encrage et couleurs r\u00e9alis\u00e9es en num\u00e9rique sur Photoshop et \u00e0 la tablette graphique. Les cases sont carr\u00e9es pour proposer une meilleure exp\u00e9rience de lecture sur les r\u00e9seaux, notamment Instagram.<\/p>\n","protected":false},"excerpt":{"rendered":"<p>La bande dessin\u00e9e est un tr\u00e8s bon outil de communication, surtout pour des formats courts, type 1 page. C&rsquo;est un format qui se lit vite, et qui est tr\u00e8s parlant. C&rsquo;est \u00e0 dire qu&rsquo;avec les dessins, et le rapport entre ces derniers et le texte, l&rsquo;on comprends ce qui se passe (en gros bien sur) [&hellip;]<\/p>\n","protected":false},"author":1,"featured_media":0,"parent":74,"menu_order":0,"comment_status":"closed","ping_status":"closed","template":"","meta":{"footnotes":""},"class_list":["post-9","page","type-page","status-publish","hentry"],"jetpack_sharing_enabled":true,"_links":{"self":[{"href":"https:\/\/www.julien-charlier.fr\/index.php?rest_route=\/wp\/v2\/pages\/9","targetHints":{"allow":["GET"]}}],"collection":[{"href":"https:\/\/www.julien-charlier.fr\/index.php?rest_route=\/wp\/v2\/pages"}],"about":[{"href":"https:\/\/www.julien-charlier.fr\/index.php?rest_route=\/wp\/v2\/types\/page"}],"author":[{"embeddable":true,"href":"https:\/\/www.julien-charlier.fr\/index.php?rest_route=\/wp\/v2\/users\/1"}],"replies":[{"embeddable":true,"href":"https:\/\/www.julien-charlier.fr\/index.php?rest_route=%2Fwp%2Fv2%2Fcomments&post=9"}],"version-history":[{"count":7,"href":"https:\/\/www.julien-charlier.fr\/index.php?rest_route=\/wp\/v2\/pages\/9\/revisions"}],"predecessor-version":[{"id":219,"href":"https:\/\/www.julien-charlier.fr\/index.php?rest_route=\/wp\/v2\/pages\/9\/revisions\/219"}],"up":[{"embeddable":true,"href":"https:\/\/www.julien-charlier.fr\/index.php?rest_route=\/wp\/v2\/pages\/74"}],"wp:attachment":[{"href":"https:\/\/www.julien-charlier.fr\/index.php?rest_route=%2Fwp%2Fv2%2Fmedia&parent=9"}],"curies":[{"name":"wp","href":"https:\/\/api.w.org\/{rel}","templated":true}]}}