{"id":89,"date":"2024-12-27T15:44:12","date_gmt":"2024-12-27T15:44:12","guid":{"rendered":"https:\/\/www.julien-charlier.fr\/?page_id=89"},"modified":"2024-12-30T23:03:21","modified_gmt":"2024-12-30T23:03:21","slug":"vitrines","status":"publish","type":"page","link":"https:\/\/www.julien-charlier.fr\/?page_id=89","title":{"rendered":"Vitrines"},"content":{"rendered":"\n<p>Je me suis lanc\u00e9 cette ann\u00e9e dans la cr\u00e9ation de peinture sur vitres\/vitrines.<\/p>\n\n\n\n<p>C&rsquo;est un outil de communication non conventionnel en ce sens qu&rsquo;il est purement esth\u00e9tique et que sa pr\u00e9sence seule est sa raison d&rsquo;exister. Si l&rsquo;on fait une peinture sur une vitrine, c&rsquo;est pour attirer l&rsquo;attention sur le commerce, le rendre sympathique \u00e9galement, cr\u00e9er un lien \u00e9motionnel avec les passants. La plupart du temps, les illustrations de vitrines n&rsquo;ont pas de message \u00e0 caract\u00e8re commerciaux, qui ont pour vocation eux de drainer les clients \u00e0 l&rsquo;int\u00e9rieur du commerce, l\u00e0 ou un message publicitaire commun, outil de communication traditionnel, va \u00eatre en lui-m\u00eame commercial.<\/p>\n\n\n\n<p>Bref, cet outil est l\u00e0 avant tout pour donner une bonne image du commerce, pas sp\u00e9cialement pour vendre.<\/p>\n\n\n\n<p>Pour un d\u00e9but j&rsquo;ai eu la grande chance de pouvoir collaborer avec l&rsquo;enseigne Intermarch\u00e9 de Vireux-Molhain, la boulangerie P\u00e2te \u00e0 choux, mais \u00e9galement avec l&rsquo;h\u00f4tel *** Val Saint-Hilaire \u00e0 Givet, ainsi que le restaurant le Roosevelt, et pour finir la boulangerie Croq&amp;Mo \u00e0 Chimay.<\/p>\n\n\n\n<p>Je vous laisse avec quelques visuels de mes r\u00e9alisations.<\/p>\n\n\n\n<p><\/p>\n\n\n\n<div class=\"wp-block-jetpack-tiled-gallery aligncenter is-style-rectangular\"><div class=\"\"><div class=\"tiled-gallery__gallery\"><div class=\"tiled-gallery__row\"><div class=\"tiled-gallery__col\" style=\"flex-basis:33.33333%\"><figure class=\"tiled-gallery__item\"><img decoding=\"async\" srcset=\"https:\/\/i0.wp.com\/www.julien-charlier.fr\/wp-content\/uploads\/2024\/12\/IMG_0989-768x1024.jpg?strip=info&#038;w=600&#038;ssl=1 600w,https:\/\/i0.wp.com\/www.julien-charlier.fr\/wp-content\/uploads\/2024\/12\/IMG_0989-768x1024.jpg?strip=info&#038;w=900&#038;ssl=1 900w,https:\/\/i0.wp.com\/www.julien-charlier.fr\/wp-content\/uploads\/2024\/12\/IMG_0989-768x1024.jpg?strip=info&#038;w=1200&#038;ssl=1 1200w,https:\/\/i0.wp.com\/www.julien-charlier.fr\/wp-content\/uploads\/2024\/12\/IMG_0989-768x1024.jpg?strip=info&#038;w=1500&#038;ssl=1 1500w,https:\/\/i0.wp.com\/www.julien-charlier.fr\/wp-content\/uploads\/2024\/12\/IMG_0989-768x1024.jpg?strip=info&#038;w=1800&#038;ssl=1 1800w,https:\/\/i0.wp.com\/www.julien-charlier.fr\/wp-content\/uploads\/2024\/12\/IMG_0989-768x1024.jpg?strip=info&#038;w=1920&#038;ssl=1 1920w\" alt=\"\" data-height=\"2560\" data-id=\"91\" data-link=\"https:\/\/www.julien-charlier.fr\/?attachment_id=91\" data-url=\"https:\/\/www.julien-charlier.fr\/wp-content\/uploads\/2024\/12\/IMG_0989-768x1024.jpg\" data-width=\"1920\" src=\"https:\/\/i0.wp.com\/www.julien-charlier.fr\/wp-content\/uploads\/2024\/12\/IMG_0989-768x1024.jpg?ssl=1\" data-amp-layout=\"responsive\" aria-label=\"Ouvrir l\u2019image 1 sur 3 en plein \u00e9cran\"\/><\/figure><\/div><div class=\"tiled-gallery__col\" style=\"flex-basis:33.33333%\"><figure class=\"tiled-gallery__item\"><img decoding=\"async\" srcset=\"https:\/\/i0.wp.com\/www.julien-charlier.fr\/wp-content\/uploads\/2024\/12\/IMG_0990-1-768x1024.jpg?strip=info&#038;w=600&#038;ssl=1 600w,https:\/\/i0.wp.com\/www.julien-charlier.fr\/wp-content\/uploads\/2024\/12\/IMG_0990-1-768x1024.jpg?strip=info&#038;w=900&#038;ssl=1 900w,https:\/\/i0.wp.com\/www.julien-charlier.fr\/wp-content\/uploads\/2024\/12\/IMG_0990-1-768x1024.jpg?strip=info&#038;w=1200&#038;ssl=1 1200w,https:\/\/i0.wp.com\/www.julien-charlier.fr\/wp-content\/uploads\/2024\/12\/IMG_0990-1-768x1024.jpg?strip=info&#038;w=1500&#038;ssl=1 1500w,https:\/\/i0.wp.com\/www.julien-charlier.fr\/wp-content\/uploads\/2024\/12\/IMG_0990-1-768x1024.jpg?strip=info&#038;w=1800&#038;ssl=1 1800w,https:\/\/i0.wp.com\/www.julien-charlier.fr\/wp-content\/uploads\/2024\/12\/IMG_0990-1-768x1024.jpg?strip=info&#038;w=1920&#038;ssl=1 1920w\" alt=\"\" data-height=\"2560\" data-id=\"199\" data-link=\"https:\/\/www.julien-charlier.fr\/?attachment_id=199\" data-url=\"https:\/\/www.julien-charlier.fr\/wp-content\/uploads\/2024\/12\/IMG_0990-1-768x1024.jpg\" data-width=\"1920\" src=\"https:\/\/i0.wp.com\/www.julien-charlier.fr\/wp-content\/uploads\/2024\/12\/IMG_0990-1-768x1024.jpg?ssl=1\" data-amp-layout=\"responsive\" aria-label=\"Ouvrir l\u2019image 2 sur 3 en plein \u00e9cran\"\/><\/figure><\/div><div class=\"tiled-gallery__col\" style=\"flex-basis:33.33333%\"><figure class=\"tiled-gallery__item\"><img decoding=\"async\" srcset=\"https:\/\/i0.wp.com\/www.julien-charlier.fr\/wp-content\/uploads\/2024\/12\/IMG_0992-2-768x1024.jpg?strip=info&#038;w=600&#038;ssl=1 600w,https:\/\/i0.wp.com\/www.julien-charlier.fr\/wp-content\/uploads\/2024\/12\/IMG_0992-2-768x1024.jpg?strip=info&#038;w=900&#038;ssl=1 900w,https:\/\/i0.wp.com\/www.julien-charlier.fr\/wp-content\/uploads\/2024\/12\/IMG_0992-2-768x1024.jpg?strip=info&#038;w=1200&#038;ssl=1 1200w,https:\/\/i0.wp.com\/www.julien-charlier.fr\/wp-content\/uploads\/2024\/12\/IMG_0992-2-768x1024.jpg?strip=info&#038;w=1500&#038;ssl=1 1500w,https:\/\/i0.wp.com\/www.julien-charlier.fr\/wp-content\/uploads\/2024\/12\/IMG_0992-2-768x1024.jpg?strip=info&#038;w=1800&#038;ssl=1 1800w,https:\/\/i0.wp.com\/www.julien-charlier.fr\/wp-content\/uploads\/2024\/12\/IMG_0992-2-768x1024.jpg?strip=info&#038;w=1920&#038;ssl=1 1920w\" alt=\"\" data-height=\"2560\" data-id=\"200\" data-link=\"https:\/\/www.julien-charlier.fr\/?attachment_id=200\" data-url=\"https:\/\/www.julien-charlier.fr\/wp-content\/uploads\/2024\/12\/IMG_0992-2-768x1024.jpg\" data-width=\"1920\" src=\"https:\/\/i0.wp.com\/www.julien-charlier.fr\/wp-content\/uploads\/2024\/12\/IMG_0992-2-768x1024.jpg?ssl=1\" data-amp-layout=\"responsive\" aria-label=\"Ouvrir l\u2019image 3 sur 3 en plein \u00e9cran\"\/><\/figure><\/div><\/div><\/div><\/div><\/div>\n\n\n\n<p><\/p>\n\n\n\n<div class=\"wp-block-jetpack-tiled-gallery aligncenter is-style-rectangular\"><div class=\"\"><div class=\"tiled-gallery__gallery\"><div class=\"tiled-gallery__row\"><div class=\"tiled-gallery__col\" style=\"flex-basis:33.33333%\"><figure class=\"tiled-gallery__item\"><img decoding=\"async\" srcset=\"https:\/\/i0.wp.com\/www.julien-charlier.fr\/wp-content\/uploads\/2024\/12\/IMG_0997-768x1024.jpg?strip=info&#038;w=600&#038;ssl=1 600w,https:\/\/i0.wp.com\/www.julien-charlier.fr\/wp-content\/uploads\/2024\/12\/IMG_0997-768x1024.jpg?strip=info&#038;w=900&#038;ssl=1 900w,https:\/\/i0.wp.com\/www.julien-charlier.fr\/wp-content\/uploads\/2024\/12\/IMG_0997-768x1024.jpg?strip=info&#038;w=1200&#038;ssl=1 1200w,https:\/\/i0.wp.com\/www.julien-charlier.fr\/wp-content\/uploads\/2024\/12\/IMG_0997-768x1024.jpg?strip=info&#038;w=1500&#038;ssl=1 1500w,https:\/\/i0.wp.com\/www.julien-charlier.fr\/wp-content\/uploads\/2024\/12\/IMG_0997-768x1024.jpg?strip=info&#038;w=1800&#038;ssl=1 1800w,https:\/\/i0.wp.com\/www.julien-charlier.fr\/wp-content\/uploads\/2024\/12\/IMG_0997-768x1024.jpg?strip=info&#038;w=1920&#038;ssl=1 1920w\" alt=\"\" data-height=\"2560\" data-id=\"93\" data-link=\"https:\/\/www.julien-charlier.fr\/?attachment_id=93\" data-url=\"https:\/\/www.julien-charlier.fr\/wp-content\/uploads\/2024\/12\/IMG_0997-768x1024.jpg\" data-width=\"1920\" src=\"https:\/\/i0.wp.com\/www.julien-charlier.fr\/wp-content\/uploads\/2024\/12\/IMG_0997-768x1024.jpg?ssl=1\" data-amp-layout=\"responsive\" aria-label=\"Ouvrir l\u2019image 1 sur 3 en plein \u00e9cran\"\/><\/figure><\/div><div class=\"tiled-gallery__col\" style=\"flex-basis:33.33333%\"><figure class=\"tiled-gallery__item\"><img decoding=\"async\" srcset=\"https:\/\/i0.wp.com\/www.julien-charlier.fr\/wp-content\/uploads\/2024\/12\/IMG_1001-1-768x1024.jpg?strip=info&#038;w=600&#038;ssl=1 600w,https:\/\/i0.wp.com\/www.julien-charlier.fr\/wp-content\/uploads\/2024\/12\/IMG_1001-1-768x1024.jpg?strip=info&#038;w=900&#038;ssl=1 900w,https:\/\/i0.wp.com\/www.julien-charlier.fr\/wp-content\/uploads\/2024\/12\/IMG_1001-1-768x1024.jpg?strip=info&#038;w=1200&#038;ssl=1 1200w,https:\/\/i0.wp.com\/www.julien-charlier.fr\/wp-content\/uploads\/2024\/12\/IMG_1001-1-768x1024.jpg?strip=info&#038;w=1500&#038;ssl=1 1500w,https:\/\/i0.wp.com\/www.julien-charlier.fr\/wp-content\/uploads\/2024\/12\/IMG_1001-1-768x1024.jpg?strip=info&#038;w=1800&#038;ssl=1 1800w,https:\/\/i0.wp.com\/www.julien-charlier.fr\/wp-content\/uploads\/2024\/12\/IMG_1001-1-768x1024.jpg?strip=info&#038;w=1920&#038;ssl=1 1920w\" alt=\"\" data-height=\"2560\" data-id=\"201\" data-link=\"https:\/\/www.julien-charlier.fr\/?attachment_id=201\" data-url=\"https:\/\/www.julien-charlier.fr\/wp-content\/uploads\/2024\/12\/IMG_1001-1-768x1024.jpg\" data-width=\"1920\" src=\"https:\/\/i0.wp.com\/www.julien-charlier.fr\/wp-content\/uploads\/2024\/12\/IMG_1001-1-768x1024.jpg?ssl=1\" data-amp-layout=\"responsive\" aria-label=\"Ouvrir l\u2019image 2 sur 3 en plein \u00e9cran\"\/><\/figure><\/div><div class=\"tiled-gallery__col\" style=\"flex-basis:33.33333%\"><figure class=\"tiled-gallery__item\"><img decoding=\"async\" srcset=\"https:\/\/i0.wp.com\/www.julien-charlier.fr\/wp-content\/uploads\/2024\/12\/IMG_1002-2-768x1024.jpg?strip=info&#038;w=600&#038;ssl=1 600w,https:\/\/i0.wp.com\/www.julien-charlier.fr\/wp-content\/uploads\/2024\/12\/IMG_1002-2-768x1024.jpg?strip=info&#038;w=900&#038;ssl=1 900w,https:\/\/i0.wp.com\/www.julien-charlier.fr\/wp-content\/uploads\/2024\/12\/IMG_1002-2-768x1024.jpg?strip=info&#038;w=1200&#038;ssl=1 1200w,https:\/\/i0.wp.com\/www.julien-charlier.fr\/wp-content\/uploads\/2024\/12\/IMG_1002-2-768x1024.jpg?strip=info&#038;w=1500&#038;ssl=1 1500w,https:\/\/i0.wp.com\/www.julien-charlier.fr\/wp-content\/uploads\/2024\/12\/IMG_1002-2-768x1024.jpg?strip=info&#038;w=1800&#038;ssl=1 1800w,https:\/\/i0.wp.com\/www.julien-charlier.fr\/wp-content\/uploads\/2024\/12\/IMG_1002-2-768x1024.jpg?strip=info&#038;w=1920&#038;ssl=1 1920w\" alt=\"\" data-height=\"2560\" data-id=\"202\" data-link=\"https:\/\/www.julien-charlier.fr\/?attachment_id=202\" data-url=\"https:\/\/www.julien-charlier.fr\/wp-content\/uploads\/2024\/12\/IMG_1002-2-768x1024.jpg\" data-width=\"1920\" src=\"https:\/\/i0.wp.com\/www.julien-charlier.fr\/wp-content\/uploads\/2024\/12\/IMG_1002-2-768x1024.jpg?ssl=1\" data-amp-layout=\"responsive\" aria-label=\"Ouvrir l\u2019image 3 sur 3 en plein \u00e9cran\"\/><\/figure><\/div><\/div><\/div><\/div><\/div>\n\n\n\n<p><\/p>\n\n\n\n<figure class=\"wp-block-image size-large is-resized\"><img loading=\"lazy\" decoding=\"async\" width=\"1024\" height=\"768\" src=\"https:\/\/www.julien-charlier.fr\/wp-content\/uploads\/2024\/12\/IMG_1009-2-1024x768.jpg\" alt=\"\" class=\"wp-image-95\" style=\"width:1140px;height:auto\" srcset=\"https:\/\/www.julien-charlier.fr\/wp-content\/uploads\/2024\/12\/IMG_1009-2-1024x768.jpg 1024w, https:\/\/www.julien-charlier.fr\/wp-content\/uploads\/2024\/12\/IMG_1009-2-300x225.jpg 300w, https:\/\/www.julien-charlier.fr\/wp-content\/uploads\/2024\/12\/IMG_1009-2-2000x1500.jpg 2000w\" sizes=\"auto, (max-width: 1024px) 100vw, 1024px\" \/><\/figure>\n\n\n\n<p><\/p>\n\n\n\n<div class=\"wp-block-jetpack-tiled-gallery aligncenter is-style-rectangular\"><div class=\"\"><div class=\"tiled-gallery__gallery\"><div class=\"tiled-gallery__row\"><div class=\"tiled-gallery__col\" style=\"flex-basis:66.74547%\"><figure class=\"tiled-gallery__item\"><img decoding=\"async\" srcset=\"https:\/\/i0.wp.com\/www.julien-charlier.fr\/wp-content\/uploads\/2024\/12\/IMG_1012-1024x768.jpg?strip=info&#038;w=600&#038;ssl=1 600w,https:\/\/i0.wp.com\/www.julien-charlier.fr\/wp-content\/uploads\/2024\/12\/IMG_1012-1024x768.jpg?strip=info&#038;w=900&#038;ssl=1 900w,https:\/\/i0.wp.com\/www.julien-charlier.fr\/wp-content\/uploads\/2024\/12\/IMG_1012-1024x768.jpg?strip=info&#038;w=1200&#038;ssl=1 1200w,https:\/\/i0.wp.com\/www.julien-charlier.fr\/wp-content\/uploads\/2024\/12\/IMG_1012-1024x768.jpg?strip=info&#038;w=1500&#038;ssl=1 1500w,https:\/\/i0.wp.com\/www.julien-charlier.fr\/wp-content\/uploads\/2024\/12\/IMG_1012-1024x768.jpg?strip=info&#038;w=1800&#038;ssl=1 1800w,https:\/\/i0.wp.com\/www.julien-charlier.fr\/wp-content\/uploads\/2024\/12\/IMG_1012-1024x768.jpg?strip=info&#038;w=2000&#038;ssl=1 2000w\" alt=\"\" data-height=\"1920\" data-id=\"96\" data-link=\"https:\/\/www.julien-charlier.fr\/?attachment_id=96\" data-url=\"https:\/\/www.julien-charlier.fr\/wp-content\/uploads\/2024\/12\/IMG_1012-1024x768.jpg\" data-width=\"2560\" src=\"https:\/\/i0.wp.com\/www.julien-charlier.fr\/wp-content\/uploads\/2024\/12\/IMG_1012-1024x768.jpg?ssl=1\" data-amp-layout=\"responsive\" aria-label=\"Ouvrir l\u2019image 1 sur 3 en plein \u00e9cran\"\/><\/figure><\/div><div class=\"tiled-gallery__col\" style=\"flex-basis:33.25453%\"><figure class=\"tiled-gallery__item\"><img decoding=\"async\" srcset=\"https:\/\/i0.wp.com\/www.julien-charlier.fr\/wp-content\/uploads\/2024\/12\/IMG_1015-2-1-1024x768.jpg?strip=info&#038;w=600&#038;ssl=1 600w,https:\/\/i0.wp.com\/www.julien-charlier.fr\/wp-content\/uploads\/2024\/12\/IMG_1015-2-1-1024x768.jpg?strip=info&#038;w=900&#038;ssl=1 900w,https:\/\/i0.wp.com\/www.julien-charlier.fr\/wp-content\/uploads\/2024\/12\/IMG_1015-2-1-1024x768.jpg?strip=info&#038;w=1200&#038;ssl=1 1200w,https:\/\/i0.wp.com\/www.julien-charlier.fr\/wp-content\/uploads\/2024\/12\/IMG_1015-2-1-1024x768.jpg?strip=info&#038;w=1500&#038;ssl=1 1500w,https:\/\/i0.wp.com\/www.julien-charlier.fr\/wp-content\/uploads\/2024\/12\/IMG_1015-2-1-1024x768.jpg?strip=info&#038;w=1800&#038;ssl=1 1800w,https:\/\/i0.wp.com\/www.julien-charlier.fr\/wp-content\/uploads\/2024\/12\/IMG_1015-2-1-1024x768.jpg?strip=info&#038;w=2000&#038;ssl=1 2000w\" alt=\"\" data-height=\"1920\" data-id=\"203\" data-link=\"https:\/\/www.julien-charlier.fr\/?attachment_id=203\" data-url=\"https:\/\/www.julien-charlier.fr\/wp-content\/uploads\/2024\/12\/IMG_1015-2-1-1024x768.jpg\" data-width=\"2560\" src=\"https:\/\/i0.wp.com\/www.julien-charlier.fr\/wp-content\/uploads\/2024\/12\/IMG_1015-2-1-1024x768.jpg?ssl=1\" data-amp-layout=\"responsive\" aria-label=\"Ouvrir l\u2019image 2 sur 3 en plein \u00e9cran\"\/><\/figure><figure class=\"tiled-gallery__item\"><img decoding=\"async\" srcset=\"https:\/\/i0.wp.com\/www.julien-charlier.fr\/wp-content\/uploads\/2024\/12\/IMG_1013-1-1024x768.jpg?strip=info&#038;w=600&#038;ssl=1 600w,https:\/\/i0.wp.com\/www.julien-charlier.fr\/wp-content\/uploads\/2024\/12\/IMG_1013-1-1024x768.jpg?strip=info&#038;w=900&#038;ssl=1 900w,https:\/\/i0.wp.com\/www.julien-charlier.fr\/wp-content\/uploads\/2024\/12\/IMG_1013-1-1024x768.jpg?strip=info&#038;w=1200&#038;ssl=1 1200w,https:\/\/i0.wp.com\/www.julien-charlier.fr\/wp-content\/uploads\/2024\/12\/IMG_1013-1-1024x768.jpg?strip=info&#038;w=1500&#038;ssl=1 1500w,https:\/\/i0.wp.com\/www.julien-charlier.fr\/wp-content\/uploads\/2024\/12\/IMG_1013-1-1024x768.jpg?strip=info&#038;w=1800&#038;ssl=1 1800w,https:\/\/i0.wp.com\/www.julien-charlier.fr\/wp-content\/uploads\/2024\/12\/IMG_1013-1-1024x768.jpg?strip=info&#038;w=2000&#038;ssl=1 2000w\" alt=\"\" data-height=\"1920\" data-id=\"204\" data-link=\"https:\/\/www.julien-charlier.fr\/?attachment_id=204\" data-url=\"https:\/\/www.julien-charlier.fr\/wp-content\/uploads\/2024\/12\/IMG_1013-1-1024x768.jpg\" data-width=\"2560\" src=\"https:\/\/i0.wp.com\/www.julien-charlier.fr\/wp-content\/uploads\/2024\/12\/IMG_1013-1-1024x768.jpg?ssl=1\" data-amp-layout=\"responsive\" aria-label=\"Ouvrir l\u2019image 3 sur 3 en plein \u00e9cran\"\/><\/figure><\/div><\/div><\/div><\/div><\/div>\n","protected":false},"excerpt":{"rendered":"<p>Je me suis lanc\u00e9 cette ann\u00e9e dans la cr\u00e9ation de peinture sur vitres\/vitrines. C&rsquo;est un outil de communication non conventionnel en ce sens qu&rsquo;il est purement esth\u00e9tique et que sa pr\u00e9sence seule est sa raison d&rsquo;exister. Si l&rsquo;on fait une peinture sur une vitrine, c&rsquo;est pour attirer l&rsquo;attention sur le commerce, le rendre sympathique \u00e9galement, [&hellip;]<\/p>\n","protected":false},"author":1,"featured_media":0,"parent":0,"menu_order":0,"comment_status":"closed","ping_status":"closed","template":"","meta":{"footnotes":""},"class_list":["post-89","page","type-page","status-publish","hentry"],"jetpack_sharing_enabled":true,"_links":{"self":[{"href":"https:\/\/www.julien-charlier.fr\/index.php?rest_route=\/wp\/v2\/pages\/89","targetHints":{"allow":["GET"]}}],"collection":[{"href":"https:\/\/www.julien-charlier.fr\/index.php?rest_route=\/wp\/v2\/pages"}],"about":[{"href":"https:\/\/www.julien-charlier.fr\/index.php?rest_route=\/wp\/v2\/types\/page"}],"author":[{"embeddable":true,"href":"https:\/\/www.julien-charlier.fr\/index.php?rest_route=\/wp\/v2\/users\/1"}],"replies":[{"embeddable":true,"href":"https:\/\/www.julien-charlier.fr\/index.php?rest_route=%2Fwp%2Fv2%2Fcomments&post=89"}],"version-history":[{"count":6,"href":"https:\/\/www.julien-charlier.fr\/index.php?rest_route=\/wp\/v2\/pages\/89\/revisions"}],"predecessor-version":[{"id":207,"href":"https:\/\/www.julien-charlier.fr\/index.php?rest_route=\/wp\/v2\/pages\/89\/revisions\/207"}],"wp:attachment":[{"href":"https:\/\/www.julien-charlier.fr\/index.php?rest_route=%2Fwp%2Fv2%2Fmedia&parent=89"}],"curies":[{"name":"wp","href":"https:\/\/api.w.org\/{rel}","templated":true}]}}