{"id":178,"date":"2024-12-30T11:49:31","date_gmt":"2024-12-30T11:49:31","guid":{"rendered":"https:\/\/www.julien-charlier.fr\/?page_id=178"},"modified":"2024-12-30T22:32:35","modified_gmt":"2024-12-30T22:32:35","slug":"qui-suis-je","status":"publish","type":"page","link":"https:\/\/www.julien-charlier.fr\/?page_id=178","title":{"rendered":"Qui suis-je ?"},"content":{"rendered":"\n<figure class=\"wp-block-image size-full is-resized\"><img loading=\"lazy\" decoding=\"async\" width=\"621\" height=\"853\" src=\"https:\/\/www.julien-charlier.fr\/wp-content\/uploads\/2024\/12\/profil.jpg\" alt=\"\" class=\"wp-image-181\" style=\"width:244px;height:auto\" srcset=\"https:\/\/www.julien-charlier.fr\/wp-content\/uploads\/2024\/12\/profil.jpg 621w, https:\/\/www.julien-charlier.fr\/wp-content\/uploads\/2024\/12\/profil-218x300.jpg 218w\" sizes=\"auto, (max-width: 621px) 100vw, 621px\" \/><\/figure>\n\n\n\n<p>La question est l\u00e9gitime, j&rsquo;en ai bien conscience. C&rsquo;est d&rsquo;ailleurs pour \u00e7a que cette page existe.<\/p>\n\n\n\n<p>Donc, je m&rsquo;appelle Julien Charlier comme vous l&rsquo;avez tr\u00e8s certainement devin\u00e9, et je suis graphiste illustrateur depuis plus de 15 ann\u00e9es maintenant.<\/p>\n\n\n\n<p>Dipl\u00f4m\u00e9 d&rsquo;un master en communication visuelle sur Paris, j&rsquo;ai travaill\u00e9 dans diverses agences de communication, en tant que graphiste, ou webdesigner, mais \u00e9galement en tant qu&rsquo;illustrateur. J&rsquo;ai eu la chance de pouvoir approcher par ce biais des grandes marques, telles que Renault, Air France, ou m\u00eame encore HEC Paris.<\/p>\n\n\n\n<p>J&rsquo;ai \u00e9galement eu l&rsquo;opportunit\u00e9 de travailler pour la fondation Nicolas Hulot, en tant que graphiste, illustrateur, mais \u00e9galement r\u00e9alisateur de court-m\u00e9trage.<\/p>\n\n\n\n<p>Derni\u00e8rement j&rsquo;ai ajout\u00e9 \u00e0 mes comp\u00e9tences graphiques et infographiques, celle de faire des peintures sur vitrines, avec la grande chance d&rsquo;avoir pu travailler pour Intermarch\u00e9.<\/p>\n\n\n\n<p>Si vous avez des questions, quand \u00e0 mon parcours, ou bien pour un projet dont vous aimeriez me parler, n&rsquo;h\u00e9sitez pas <a href=\"https:\/\/www.julien-charlier.fr\/?page_id=15\">\u00e0 me contacter.<\/a><\/p>\n","protected":false},"excerpt":{"rendered":"<p>La question est l\u00e9gitime, j&rsquo;en ai bien conscience. C&rsquo;est d&rsquo;ailleurs pour \u00e7a que cette page existe. Donc, je m&rsquo;appelle Julien Charlier comme vous l&rsquo;avez tr\u00e8s certainement devin\u00e9, et je suis graphiste illustrateur depuis plus de 15 ann\u00e9es maintenant. Dipl\u00f4m\u00e9 d&rsquo;un master en communication visuelle sur Paris, j&rsquo;ai travaill\u00e9 dans diverses agences de communication, en tant [&hellip;]<\/p>\n","protected":false},"author":1,"featured_media":0,"parent":0,"menu_order":0,"comment_status":"closed","ping_status":"closed","template":"","meta":{"footnotes":""},"class_list":["post-178","page","type-page","status-publish","hentry"],"jetpack_sharing_enabled":true,"_links":{"self":[{"href":"https:\/\/www.julien-charlier.fr\/index.php?rest_route=\/wp\/v2\/pages\/178","targetHints":{"allow":["GET"]}}],"collection":[{"href":"https:\/\/www.julien-charlier.fr\/index.php?rest_route=\/wp\/v2\/pages"}],"about":[{"href":"https:\/\/www.julien-charlier.fr\/index.php?rest_route=\/wp\/v2\/types\/page"}],"author":[{"embeddable":true,"href":"https:\/\/www.julien-charlier.fr\/index.php?rest_route=\/wp\/v2\/users\/1"}],"replies":[{"embeddable":true,"href":"https:\/\/www.julien-charlier.fr\/index.php?rest_route=%2Fwp%2Fv2%2Fcomments&post=178"}],"version-history":[{"count":3,"href":"https:\/\/www.julien-charlier.fr\/index.php?rest_route=\/wp\/v2\/pages\/178\/revisions"}],"predecessor-version":[{"id":185,"href":"https:\/\/www.julien-charlier.fr\/index.php?rest_route=\/wp\/v2\/pages\/178\/revisions\/185"}],"wp:attachment":[{"href":"https:\/\/www.julien-charlier.fr\/index.php?rest_route=%2Fwp%2Fv2%2Fmedia&parent=178"}],"curies":[{"name":"wp","href":"https:\/\/api.w.org\/{rel}","templated":true}]}}