{"id":15,"date":"2023-11-17T15:56:22","date_gmt":"2023-11-17T15:56:22","guid":{"rendered":"https:\/\/www.julien-charlier.fr\/?page_id=15"},"modified":"2025-03-04T10:43:15","modified_gmt":"2025-03-04T10:43:15","slug":"contact","status":"publish","type":"page","link":"https:\/\/www.julien-charlier.fr\/?page_id=15","title":{"rendered":"Me contacter"},"content":{"rendered":"\n<p>Vous avez une id\u00e9e ou un projet en t\u00eate ? <\/p>\n\n\n\n<p>Vous pouvez me contacter par mail \u00e0 l&rsquo;adresse mr.juliencharlier@gmail.com ou en passant par le formulaire juste en dessous.<\/p>\n\n\n\n<p>\u00c0 tr\u00e8s bient\u00f4t !<\/p>\n\n\n<div class=\"wp-block-jetpack-contact-form\"><a href=\"https:\/\/www.julien-charlier.fr\/?page_id=15\" target=\"_blank\" rel=\"noopener noreferrer\">Soumettre un formulaire.<\/a><\/div>","protected":false},"excerpt":{"rendered":"<p>Vous avez une id\u00e9e ou un projet en t\u00eate ? Vous pouvez me contacter par mail \u00e0 l&rsquo;adresse mr.juliencharlier@gmail.com ou en passant par le formulaire juste en dessous. \u00c0 tr\u00e8s bient\u00f4t !<\/p>\n","protected":false},"author":1,"featured_media":0,"parent":0,"menu_order":2,"comment_status":"closed","ping_status":"closed","template":"","meta":{"footnotes":""},"class_list":["post-15","page","type-page","status-publish","hentry"],"jetpack_sharing_enabled":true,"_links":{"self":[{"href":"https:\/\/www.julien-charlier.fr\/index.php?rest_route=\/wp\/v2\/pages\/15","targetHints":{"allow":["GET"]}}],"collection":[{"href":"https:\/\/www.julien-charlier.fr\/index.php?rest_route=\/wp\/v2\/pages"}],"about":[{"href":"https:\/\/www.julien-charlier.fr\/index.php?rest_route=\/wp\/v2\/types\/page"}],"author":[{"embeddable":true,"href":"https:\/\/www.julien-charlier.fr\/index.php?rest_route=\/wp\/v2\/users\/1"}],"replies":[{"embeddable":true,"href":"https:\/\/www.julien-charlier.fr\/index.php?rest_route=%2Fwp%2Fv2%2Fcomments&post=15"}],"version-history":[{"count":7,"href":"https:\/\/www.julien-charlier.fr\/index.php?rest_route=\/wp\/v2\/pages\/15\/revisions"}],"predecessor-version":[{"id":268,"href":"https:\/\/www.julien-charlier.fr\/index.php?rest_route=\/wp\/v2\/pages\/15\/revisions\/268"}],"wp:attachment":[{"href":"https:\/\/www.julien-charlier.fr\/index.php?rest_route=%2Fwp%2Fv2%2Fmedia&parent=15"}],"curies":[{"name":"wp","href":"https:\/\/api.w.org\/{rel}","templated":true}]}}