{"id":119,"date":"2024-12-28T20:53:26","date_gmt":"2024-12-28T20:53:26","guid":{"rendered":"https:\/\/www.julien-charlier.fr\/?page_id=119"},"modified":"2025-04-29T10:05:17","modified_gmt":"2025-04-29T10:05:17","slug":"grille-tarifaire","status":"publish","type":"page","link":"https:\/\/www.julien-charlier.fr\/?page_id=119","title":{"rendered":"Tarifs"},"content":{"rendered":"\n<p>Vous trouverez ici une liste (non exhaustive) de mes prestations et dun tarif indicatif. Si vous souhaitez en savoir plus et surtout afin d&rsquo;\u00eatre au plus juste par rapport \u00e0 votre projet, je vous invite \u00e0 <a href=\"https:\/\/www.julien-charlier.fr\/?page_id=15\">me contacter<\/a>. De cette fa\u00e7on et apr\u00e8s \u00e9tude de votre demande, je serai \u00e0 m\u00eame de vous fournir un devis d\u00e9taill\u00e9. <\/p>\n\n\n\n<h2>Analyse<\/h2>\n\n\n\n<p><strong>Analyse de votre visuel :<\/strong> \u00e0 partir de 20 \u20ac<\/p>\n\n\n\n<p><strong>Analyse et correction de votre visuel d\u00e9j\u00e0 existant :<\/strong> \u00e0 partir de 50 \u20ac<\/p>\n\n\n\n<p><\/p>\n\n\n\n<h2>Graphisme :<\/h2>\n\n\n\n<p><strong>Logo :<\/strong> \u00e0 partir de 150 \u20ac<\/p>\n\n\n\n<p><strong>Carte de visite :<\/strong> \u00e0 partir de 100 \u20ac<\/p>\n\n\n\n<p><strong>Charte graphique :<\/strong> \u00e0 partir de 500 \u20ac<\/p>\n\n\n\n<p><\/p>\n\n\n\n<h2>Print :<\/h2>\n\n\n\n<p><strong>Flyer :<\/strong> \u00e0 partir de 130 \u20ac<\/p>\n\n\n\n<p><strong>Affiche :<\/strong> \u00e0 partir de 200 \u20ac<\/p>\n\n\n\n<p><\/p>\n\n\n\n<h2>Illustration :<\/h2>\n\n\n\n<p><strong>Num\u00e9rique :<\/strong> \u00e0 partir de 150 \u20ac<\/p>\n\n\n\n<p><strong>Traditionnelle :<\/strong> \u00e0 partir de 250\u20ac<\/p>\n\n\n\n<p><strong>Peinture sur vitrine :<\/strong> \u00e0 partir de 150 \u20ac<\/p>\n\n\n\n<p><\/p>\n\n\n\n<h2>Web :<\/h2>\n\n\n\n<p><strong>Webdesign de site Vitrine (entre 3 et 6 pages) :<\/strong> \u00e0 partir de 600 \u20ac<\/p>\n\n\n\n<p><strong>Webdesign de site E-commerce :<\/strong> \u00e0 partir de 1000 \u20ac<\/p>\n\n\n\n<p><strong>Webdesign + mise en ligne et gestion du back office :<\/strong> \u00e0 partir de 1500 \u20ac<\/p>\n\n\n\n<p><\/p>\n\n\n\n<h2>Bande dessin\u00e9e :<\/h2>\n\n\n\n<p>\u00c0 partir de 50 \u20ac la page.<\/p>\n\n\n\n<p><\/p>\n\n\n\n<h2>Film  :<\/h2>\n\n\n\n<p>\u00c0 partir de 100 \u20ac\/minute<\/p>\n\n\n\n<p><\/p>\n","protected":false},"excerpt":{"rendered":"<p>Vous trouverez ici une liste (non exhaustive) de mes prestations et dun tarif indicatif. Si vous souhaitez en savoir plus et surtout afin d&rsquo;\u00eatre au plus juste par rapport \u00e0 votre projet, je vous invite \u00e0 me contacter. De cette fa\u00e7on et apr\u00e8s \u00e9tude de votre demande, je serai \u00e0 m\u00eame de vous fournir un [&hellip;]<\/p>\n","protected":false},"author":1,"featured_media":0,"parent":0,"menu_order":0,"comment_status":"closed","ping_status":"closed","template":"","meta":{"footnotes":""},"class_list":["post-119","page","type-page","status-publish","hentry"],"jetpack_sharing_enabled":true,"_links":{"self":[{"href":"https:\/\/www.julien-charlier.fr\/index.php?rest_route=\/wp\/v2\/pages\/119","targetHints":{"allow":["GET"]}}],"collection":[{"href":"https:\/\/www.julien-charlier.fr\/index.php?rest_route=\/wp\/v2\/pages"}],"about":[{"href":"https:\/\/www.julien-charlier.fr\/index.php?rest_route=\/wp\/v2\/types\/page"}],"author":[{"embeddable":true,"href":"https:\/\/www.julien-charlier.fr\/index.php?rest_route=\/wp\/v2\/users\/1"}],"replies":[{"embeddable":true,"href":"https:\/\/www.julien-charlier.fr\/index.php?rest_route=%2Fwp%2Fv2%2Fcomments&post=119"}],"version-history":[{"count":8,"href":"https:\/\/www.julien-charlier.fr\/index.php?rest_route=\/wp\/v2\/pages\/119\/revisions"}],"predecessor-version":[{"id":280,"href":"https:\/\/www.julien-charlier.fr\/index.php?rest_route=\/wp\/v2\/pages\/119\/revisions\/280"}],"wp:attachment":[{"href":"https:\/\/www.julien-charlier.fr\/index.php?rest_route=%2Fwp%2Fv2%2Fmedia&parent=119"}],"curies":[{"name":"wp","href":"https:\/\/api.w.org\/{rel}","templated":true}]}}