{"id":11,"date":"2023-11-17T15:54:57","date_gmt":"2023-11-17T15:54:57","guid":{"rendered":"https:\/\/www.julien-charlier.fr\/?page_id=11"},"modified":"2025-01-07T11:21:44","modified_gmt":"2025-01-07T11:21:44","slug":"illustration","status":"publish","type":"page","link":"https:\/\/www.julien-charlier.fr\/?page_id=11","title":{"rendered":"Illustration"},"content":{"rendered":"\n<p>L&rsquo;illustration est un outil de communication formidable qui tient une place tr\u00e8s particuli\u00e8re dans notre h\u00e9ritage culturel. Depuis des centaines d&rsquo;ann\u00e9es nous avons (en europe et particuli\u00e8rement en France) d\u00e9velopp\u00e9 un sens de l&rsquo;esth\u00e9tique tr\u00e8s prononc\u00e9, qui a pris diff\u00e9rentes formes, mais qui a surtout connu son apog\u00e9e avec la peinture de portrait puis de paysages. Cela nous a men\u00e9 tr\u00e8s naturellement \u00e0 l&rsquo;illustration, d&rsquo;abord publicitaire, puis d\u00e9corative, et finalement utilitaire.<\/p>\n\n\n\n<p>L&rsquo;illustration est la synth\u00e9tisation de tout un univers, des ses enjeux, de ses merveilles, en une seule image, une seul visuel. Elle peut-\u00eatre graphique, \u00e9pur\u00e9e, tr\u00e8s riche, d\u00e9taill\u00e9e, en num\u00e9rique, en traditionnel, peu importe, la chose importante c&rsquo;est son pouvoir d&rsquo;\u00e9vocation. C&rsquo;est pour cela qu&rsquo;il est primordiale, de savoir hi\u00e9rarchiser son illustration, ne pas perdre de vue le message, ce que l&rsquo;on veut communiquer. Une illustration est la rencontre du graphisme avec le dessin. Le graphisme est utilitaire, le dessin esth\u00e9tique, l&rsquo;illustration r\u00e9unit les deux.<\/p>\n\n\n\n<p>Voici donc quelques exemples d&rsquo;illustration que je mets \u00e0 votre disposition pour que vous ayez une id\u00e9e de ce qu&rsquo;il me serais possible de faire pour votre projet.<\/p>\n\n\n\n<figure class=\"wp-block-image size-large is-style-rectangular\"><img loading=\"lazy\" decoding=\"async\" width=\"551\" height=\"1024\" src=\"https:\/\/www.julien-charlier.fr\/wp-content\/uploads\/2024\/03\/imbolc_brigid-551x1024.jpg\" alt=\"\" class=\"wp-image-36\" srcset=\"https:\/\/www.julien-charlier.fr\/wp-content\/uploads\/2024\/03\/imbolc_brigid-551x1024.jpg 551w, https:\/\/www.julien-charlier.fr\/wp-content\/uploads\/2024\/03\/imbolc_brigid-162x300.jpg 162w, https:\/\/www.julien-charlier.fr\/wp-content\/uploads\/2024\/03\/imbolc_brigid-768x1426.jpg 768w, https:\/\/www.julien-charlier.fr\/wp-content\/uploads\/2024\/03\/imbolc_brigid-827x1536.jpg 827w, https:\/\/www.julien-charlier.fr\/wp-content\/uploads\/2024\/03\/imbolc_brigid-1103x2048.jpg 1103w, https:\/\/www.julien-charlier.fr\/wp-content\/uploads\/2024\/03\/imbolc_brigid-scaled.jpg 1378w\" sizes=\"auto, (max-width: 551px) 100vw, 551px\" \/><\/figure>\n\n\n\n<figure class=\"wp-block-image size-large\"><img loading=\"lazy\" decoding=\"async\" width=\"724\" height=\"1024\" src=\"https:\/\/www.julien-charlier.fr\/wp-content\/uploads\/2024\/03\/yule-724x1024.jpg\" alt=\"\" class=\"wp-image-41\" srcset=\"https:\/\/www.julien-charlier.fr\/wp-content\/uploads\/2024\/03\/yule-724x1024.jpg 724w, https:\/\/www.julien-charlier.fr\/wp-content\/uploads\/2024\/03\/yule-212x300.jpg 212w, https:\/\/www.julien-charlier.fr\/wp-content\/uploads\/2024\/03\/yule-768x1086.jpg 768w, https:\/\/www.julien-charlier.fr\/wp-content\/uploads\/2024\/03\/yule-1086x1536.jpg 1086w, https:\/\/www.julien-charlier.fr\/wp-content\/uploads\/2024\/03\/yule-1448x2048.jpg 1448w, https:\/\/www.julien-charlier.fr\/wp-content\/uploads\/2024\/03\/yule-scaled.jpg 1810w\" sizes=\"auto, (max-width: 724px) 100vw, 724px\" \/><\/figure>\n\n\n\n<figure class=\"wp-block-image size-full is-resized\"><img loading=\"lazy\" decoding=\"async\" width=\"650\" height=\"898\" src=\"https:\/\/www.julien-charlier.fr\/wp-content\/uploads\/2024\/12\/chat_halloween.jpg\" alt=\"\" class=\"wp-image-151\" style=\"width:581px;height:auto\" srcset=\"https:\/\/www.julien-charlier.fr\/wp-content\/uploads\/2024\/12\/chat_halloween.jpg 650w, https:\/\/www.julien-charlier.fr\/wp-content\/uploads\/2024\/12\/chat_halloween-217x300.jpg 217w\" sizes=\"auto, (max-width: 650px) 100vw, 650px\" \/><\/figure>\n\n\n\n<figure class=\"wp-block-image size-full\"><img loading=\"lazy\" decoding=\"async\" width=\"650\" height=\"910\" src=\"https:\/\/www.julien-charlier.fr\/wp-content\/uploads\/2025\/01\/illus_HP_nifleur-1.jpg\" alt=\"\" class=\"wp-image-220\" srcset=\"https:\/\/www.julien-charlier.fr\/wp-content\/uploads\/2025\/01\/illus_HP_nifleur-1.jpg 650w, https:\/\/www.julien-charlier.fr\/wp-content\/uploads\/2025\/01\/illus_HP_nifleur-1-214x300.jpg 214w\" sizes=\"auto, (max-width: 650px) 100vw, 650px\" \/><\/figure>\n\n\n\n<figure class=\"wp-block-image size-full\"><img loading=\"lazy\" decoding=\"async\" width=\"650\" height=\"910\" src=\"https:\/\/www.julien-charlier.fr\/wp-content\/uploads\/2025\/01\/illus_HP_hedwige.jpg\" alt=\"\" class=\"wp-image-221\" srcset=\"https:\/\/www.julien-charlier.fr\/wp-content\/uploads\/2025\/01\/illus_HP_hedwige.jpg 650w, https:\/\/www.julien-charlier.fr\/wp-content\/uploads\/2025\/01\/illus_HP_hedwige-214x300.jpg 214w\" sizes=\"auto, (max-width: 650px) 100vw, 650px\" \/><\/figure>\n\n\n\n<p><\/p>\n\n\n\n<p>D&rsquo;autres viendront, enrichir la collection, mais je ne souhaite pas en mettre de trop. L&rsquo;id\u00e9e c&rsquo;est surtout de vous donner une id\u00e9e, un aper\u00e7u. Assez pour vous permettre de vous projeter, mais pas trop pour vous enfermer dans une id\u00e9e qui ne conviendrait peut-\u00eatre pas au message que vous souhaitez communiquer.<\/p>\n\n\n\n<p>Si un univers vous plait et que vous souhaiteriez que nous en parlions, et voir ensemble ce qu&rsquo;il est possible de faire en illustration, n&rsquo;h\u00e9sitez pas \u00e0 <a href=\"https:\/\/www.julien-charlier.fr\/?page_id=15\">me contacter<\/a>. <\/p>\n\n\n\n<p><\/p>\n","protected":false},"excerpt":{"rendered":"<p>L&rsquo;illustration est un outil de communication formidable qui tient une place tr\u00e8s particuli\u00e8re dans notre h\u00e9ritage culturel. Depuis des centaines d&rsquo;ann\u00e9es nous avons (en europe et particuli\u00e8rement en France) d\u00e9velopp\u00e9 un sens de l&rsquo;esth\u00e9tique tr\u00e8s prononc\u00e9, qui a pris diff\u00e9rentes formes, mais qui a surtout connu son apog\u00e9e avec la peinture de portrait puis de [&hellip;]<\/p>\n","protected":false},"author":1,"featured_media":0,"parent":74,"menu_order":0,"comment_status":"closed","ping_status":"closed","template":"","meta":{"footnotes":""},"class_list":["post-11","page","type-page","status-publish","hentry"],"jetpack_sharing_enabled":true,"_links":{"self":[{"href":"https:\/\/www.julien-charlier.fr\/index.php?rest_route=\/wp\/v2\/pages\/11","targetHints":{"allow":["GET"]}}],"collection":[{"href":"https:\/\/www.julien-charlier.fr\/index.php?rest_route=\/wp\/v2\/pages"}],"about":[{"href":"https:\/\/www.julien-charlier.fr\/index.php?rest_route=\/wp\/v2\/types\/page"}],"author":[{"embeddable":true,"href":"https:\/\/www.julien-charlier.fr\/index.php?rest_route=\/wp\/v2\/users\/1"}],"replies":[{"embeddable":true,"href":"https:\/\/www.julien-charlier.fr\/index.php?rest_route=%2Fwp%2Fv2%2Fcomments&post=11"}],"version-history":[{"count":9,"href":"https:\/\/www.julien-charlier.fr\/index.php?rest_route=\/wp\/v2\/pages\/11\/revisions"}],"predecessor-version":[{"id":222,"href":"https:\/\/www.julien-charlier.fr\/index.php?rest_route=\/wp\/v2\/pages\/11\/revisions\/222"}],"up":[{"embeddable":true,"href":"https:\/\/www.julien-charlier.fr\/index.php?rest_route=\/wp\/v2\/pages\/74"}],"wp:attachment":[{"href":"https:\/\/www.julien-charlier.fr\/index.php?rest_route=%2Fwp%2Fv2%2Fmedia&parent=11"}],"curies":[{"name":"wp","href":"https:\/\/api.w.org\/{rel}","templated":true}]}}