{"id":109,"date":"2024-12-27T22:39:54","date_gmt":"2024-12-27T22:39:54","guid":{"rendered":"https:\/\/www.julien-charlier.fr\/?page_id=109"},"modified":"2025-02-16T15:23:12","modified_gmt":"2025-02-16T15:23:12","slug":"bienvenue","status":"publish","type":"page","link":"https:\/\/www.julien-charlier.fr\/","title":{"rendered":"C&rsquo;est ici que tout commence !"},"content":{"rendered":"\n<p>Si vous \u00eates \u00e0 la recherche d&rsquo;une agence de communication visuelle \u00e0 votre \u00e9coute, capable de travailler conjointement avec vous \u00e0 d\u00e9velopper votre image sur tous les supports qui vous plaise, alors vous \u00eates au bon endroit. <\/p>\n\n\n\n<p>Ma volont\u00e9 est de placer l&rsquo;humain au centre de tout, chaque projet est avant tout une rencontre, une possibilit\u00e9 d&rsquo;apprendre \u00e0 connaitre un nouvel univers.<\/p>\n\n\n\n<p>N&rsquo;h\u00e9sitez pas \u00e0 aller dans la cat\u00e9gorie \u00ab\u00a0portfolio\u00a0\u00bb afin de vous faire une id\u00e9e de mon travail en visionnant un extrait de mes travaux divers.<\/p>\n\n\n\n<p>Je vous souhaite une agr\u00e9able visite, et vous dit \u00e0 tr\u00e8s bient\u00f4t.<\/p>\n\n\n\n<p><\/p>\n\n\n\n<p><\/p>\n","protected":false},"excerpt":{"rendered":"<p>Si vous \u00eates \u00e0 la recherche d&rsquo;une agence de communication visuelle \u00e0 votre \u00e9coute, capable de travailler conjointement avec vous \u00e0 d\u00e9velopper votre image sur tous les supports qui vous plaise, alors vous \u00eates au bon endroit. Ma volont\u00e9 est de placer l&rsquo;humain au centre de tout, chaque projet est avant tout une rencontre, une [&hellip;]<\/p>\n","protected":false},"author":1,"featured_media":0,"parent":0,"menu_order":0,"comment_status":"closed","ping_status":"closed","template":"","meta":{"footnotes":""},"class_list":["post-109","page","type-page","status-publish","hentry"],"jetpack_sharing_enabled":true,"_links":{"self":[{"href":"https:\/\/www.julien-charlier.fr\/index.php?rest_route=\/wp\/v2\/pages\/109","targetHints":{"allow":["GET"]}}],"collection":[{"href":"https:\/\/www.julien-charlier.fr\/index.php?rest_route=\/wp\/v2\/pages"}],"about":[{"href":"https:\/\/www.julien-charlier.fr\/index.php?rest_route=\/wp\/v2\/types\/page"}],"author":[{"embeddable":true,"href":"https:\/\/www.julien-charlier.fr\/index.php?rest_route=\/wp\/v2\/users\/1"}],"replies":[{"embeddable":true,"href":"https:\/\/www.julien-charlier.fr\/index.php?rest_route=%2Fwp%2Fv2%2Fcomments&post=109"}],"version-history":[{"count":6,"href":"https:\/\/www.julien-charlier.fr\/index.php?rest_route=\/wp\/v2\/pages\/109\/revisions"}],"predecessor-version":[{"id":250,"href":"https:\/\/www.julien-charlier.fr\/index.php?rest_route=\/wp\/v2\/pages\/109\/revisions\/250"}],"wp:attachment":[{"href":"https:\/\/www.julien-charlier.fr\/index.php?rest_route=%2Fwp%2Fv2%2Fmedia&parent=109"}],"curies":[{"name":"wp","href":"https:\/\/api.w.org\/{rel}","templated":true}]}}