{"id":102,"date":"2024-12-27T17:38:06","date_gmt":"2024-12-27T17:38:06","guid":{"rendered":"https:\/\/www.julien-charlier.fr\/?page_id=102"},"modified":"2025-03-04T10:49:06","modified_gmt":"2025-03-04T10:49:06","slug":"graphisme","status":"publish","type":"page","link":"https:\/\/www.julien-charlier.fr\/?page_id=102","title":{"rendered":"Graphisme"},"content":{"rendered":"\n<p>Qu&rsquo;il s&rsquo;agisse d&rsquo;un logo, d&rsquo;une charte graphique, ou bien d&rsquo;un flyer, il y a toujours une part de graphisme, en plus de l&rsquo;aspect informatif. Le v\u00e9ritable travail du graphiste, n&rsquo;est pas simplement de faire de beaux visuels. Un bon graphiste prendra en compte en premier lieu la lisibilit\u00e9 de l&rsquo;information et sa hi\u00e9rarchisation. Il est essentiel que le lecteur, spectateur, client, comprenne les informations dans le sens ou on veut qu&rsquo;il les comprenne, et de la fa\u00e7on dont on veut qu&rsquo;il les comprenne. Avoir \u00e9tudi\u00e9 la s\u00e9miologie est un atout pr\u00e9cieux pour moi et j&rsquo;essaye au maximum de respecter cette r\u00e8gle tout en \u00e9vitant, autant que possible, les noeuds graphiques.<\/p>\n\n\n\n<p>Vous trouverez donc ici un panel de quelques travaux purement graphique, ou le signifiant et le signifi\u00e9 se doivent d&rsquo;\u00eatre aussi important l&rsquo;un que l&rsquo;autre, ou le contenu n&rsquo;existe pas sans son contenant, ou la poule sans son oeuf (ou vice versa).<\/p>\n\n\n\n<figure class=\"wp-block-image size-large\"><img loading=\"lazy\" decoding=\"async\" width=\"1024\" height=\"724\" src=\"https:\/\/www.julien-charlier.fr\/wp-content\/uploads\/2025\/03\/menu_212_recto-1-1024x724.jpg\" alt=\"\" class=\"wp-image-272\" srcset=\"https:\/\/www.julien-charlier.fr\/wp-content\/uploads\/2025\/03\/menu_212_recto-1-1024x724.jpg 1024w, https:\/\/www.julien-charlier.fr\/wp-content\/uploads\/2025\/03\/menu_212_recto-1-300x212.jpg 300w, https:\/\/www.julien-charlier.fr\/wp-content\/uploads\/2025\/03\/menu_212_recto-1-768x543.jpg 768w, https:\/\/www.julien-charlier.fr\/wp-content\/uploads\/2025\/03\/menu_212_recto-1-1536x1086.jpg 1536w, https:\/\/www.julien-charlier.fr\/wp-content\/uploads\/2025\/03\/menu_212_recto-1-2048x1448.jpg 2048w\" sizes=\"auto, (max-width: 1024px) 100vw, 1024px\" \/><\/figure>\n\n\n\n<figure class=\"wp-block-image size-large\"><img loading=\"lazy\" decoding=\"async\" width=\"1024\" height=\"724\" src=\"https:\/\/www.julien-charlier.fr\/wp-content\/uploads\/2025\/03\/menu_212_verso-1024x724.jpg\" alt=\"\" class=\"wp-image-271\" srcset=\"https:\/\/www.julien-charlier.fr\/wp-content\/uploads\/2025\/03\/menu_212_verso-1024x724.jpg 1024w, https:\/\/www.julien-charlier.fr\/wp-content\/uploads\/2025\/03\/menu_212_verso-300x212.jpg 300w, https:\/\/www.julien-charlier.fr\/wp-content\/uploads\/2025\/03\/menu_212_verso-768x543.jpg 768w, https:\/\/www.julien-charlier.fr\/wp-content\/uploads\/2025\/03\/menu_212_verso-1536x1086.jpg 1536w, https:\/\/www.julien-charlier.fr\/wp-content\/uploads\/2025\/03\/menu_212_verso-2048x1448.jpg 2048w\" sizes=\"auto, (max-width: 1024px) 100vw, 1024px\" \/><\/figure>\n\n\n\n<p>Haut dessus, vous avez un exemple de ce que j&rsquo;ai pu faire pour le restaurant Kebab le 212. J&rsquo;ai eu \u00e0 red\u00e9finir une identit\u00e9 visuelle, trouver les visuels (photos) ad\u00e9quats, et \u00e9galement faire en sorte que tout soit lisible d&rsquo;un seul coup d&rsquo;oeil. Avec autant d&rsquo;informations c&rsquo;est toujours un challenge de r\u00e9ussir \u00e0 mettre en avant les produits sans pour autant diminuer l&rsquo;impact des autres.<\/p>\n\n\n\n<div class=\"wp-block-jetpack-tiled-gallery aligncenter is-style-rectangular\"><div class=\"\"><div class=\"tiled-gallery__gallery\"><div class=\"tiled-gallery__row\"><div class=\"tiled-gallery__col\" style=\"flex-basis:50.02259%\"><figure class=\"tiled-gallery__item\"><img decoding=\"async\" srcset=\"https:\/\/i0.wp.com\/www.julien-charlier.fr\/wp-content\/uploads\/2024\/12\/1422e366ed9fd0705c219af94c1e6aea.jpg?strip=info&#038;w=600&#038;ssl=1 600w,https:\/\/i0.wp.com\/www.julien-charlier.fr\/wp-content\/uploads\/2024\/12\/1422e366ed9fd0705c219af94c1e6aea.jpg?strip=info&#038;w=650&#038;ssl=1 650w\" alt=\"\" data-height=\"919\" data-id=\"103\" data-link=\"https:\/\/www.julien-charlier.fr\/?attachment_id=103\" data-url=\"https:\/\/www.julien-charlier.fr\/wp-content\/uploads\/2024\/12\/1422e366ed9fd0705c219af94c1e6aea.jpg\" data-width=\"650\" src=\"https:\/\/i0.wp.com\/www.julien-charlier.fr\/wp-content\/uploads\/2024\/12\/1422e366ed9fd0705c219af94c1e6aea.jpg?ssl=1\" data-amp-layout=\"responsive\" aria-label=\"Ouvrir l\u2019image 1 sur 2 en plein \u00e9cran\"\/><\/figure><\/div><div class=\"tiled-gallery__col\" style=\"flex-basis:49.97741%\"><figure class=\"tiled-gallery__item\"><img decoding=\"async\" srcset=\"https:\/\/i0.wp.com\/www.julien-charlier.fr\/wp-content\/uploads\/2024\/12\/d3edce94d8144c825f0b7ad1ffd0b955-1.jpg?strip=info&#038;w=595&#038;ssl=1 595w\" alt=\"\" data-height=\"842\" data-id=\"190\" data-link=\"https:\/\/www.julien-charlier.fr\/?attachment_id=190\" data-url=\"https:\/\/www.julien-charlier.fr\/wp-content\/uploads\/2024\/12\/d3edce94d8144c825f0b7ad1ffd0b955-1.jpg\" data-width=\"595\" src=\"https:\/\/i0.wp.com\/www.julien-charlier.fr\/wp-content\/uploads\/2024\/12\/d3edce94d8144c825f0b7ad1ffd0b955-1.jpg?ssl=1\" data-amp-layout=\"responsive\" aria-label=\"Ouvrir l\u2019image 2 sur 2 en plein \u00e9cran\"\/><\/figure><\/div><\/div><\/div><\/div><\/div>\n\n\n\n<p>Cr\u00e9ation d&rsquo;affiches pour la marque Carte noire.<\/p>\n\n\n\n<p>Visuel d\u00e9clin\u00e9 sur toute la gamme capsule, avec des variations de couleur en fonction du pays d&rsquo;origine.<\/p>\n\n\n\n<figure class=\"wp-block-image size-full\"><img loading=\"lazy\" decoding=\"async\" width=\"602\" height=\"484\" src=\"https:\/\/www.julien-charlier.fr\/wp-content\/uploads\/2024\/12\/737147c2b0f5ff00caf51228b5547b10.jpg\" alt=\"\" class=\"wp-image-105\" srcset=\"https:\/\/www.julien-charlier.fr\/wp-content\/uploads\/2024\/12\/737147c2b0f5ff00caf51228b5547b10.jpg 602w, https:\/\/www.julien-charlier.fr\/wp-content\/uploads\/2024\/12\/737147c2b0f5ff00caf51228b5547b10-300x241.jpg 300w\" sizes=\"auto, (max-width: 602px) 100vw, 602px\" \/><\/figure>\n\n\n\n<p>Logo r\u00e9alis\u00e9 pour une association de jeu vid\u00e9o, orient\u00e9e sur le jeu comp\u00e9titif et notamment League of Legends.<\/p>\n\n\n\n<div class=\"wp-block-jetpack-tiled-gallery aligncenter is-style-rectangular\"><div class=\"\"><div class=\"tiled-gallery__gallery\"><div class=\"tiled-gallery__row\"><div class=\"tiled-gallery__col\" style=\"flex-basis:54.97993%\"><figure class=\"tiled-gallery__item\"><img decoding=\"async\" srcset=\"https:\/\/i0.wp.com\/www.julien-charlier.fr\/wp-content\/uploads\/2024\/12\/bd9c3d855ff2a23501efadee7630386e.png?strip=info&#038;w=600&#038;ssl=1 600w,https:\/\/i0.wp.com\/www.julien-charlier.fr\/wp-content\/uploads\/2024\/12\/bd9c3d855ff2a23501efadee7630386e.png?strip=info&#038;w=650&#038;ssl=1 650w\" alt=\"\" data-height=\"753\" data-id=\"106\" data-link=\"https:\/\/www.julien-charlier.fr\/?attachment_id=106\" data-url=\"https:\/\/www.julien-charlier.fr\/wp-content\/uploads\/2024\/12\/bd9c3d855ff2a23501efadee7630386e.png\" data-width=\"650\" src=\"https:\/\/i0.wp.com\/www.julien-charlier.fr\/wp-content\/uploads\/2024\/12\/bd9c3d855ff2a23501efadee7630386e.png?ssl=1\" data-amp-layout=\"responsive\" aria-label=\"Ouvrir l\u2019image 1 sur 2 en plein \u00e9cran\"\/><\/figure><\/div><div class=\"tiled-gallery__col\" style=\"flex-basis:45.02007%\"><figure class=\"tiled-gallery__item\"><img decoding=\"async\" srcset=\"https:\/\/i0.wp.com\/www.julien-charlier.fr\/wp-content\/uploads\/2024\/12\/tarifs_2024_test-1-723x1024.jpg?strip=info&#038;w=600&#038;ssl=1 600w,https:\/\/i0.wp.com\/www.julien-charlier.fr\/wp-content\/uploads\/2024\/12\/tarifs_2024_test-1-723x1024.jpg?strip=info&#038;w=900&#038;ssl=1 900w,https:\/\/i0.wp.com\/www.julien-charlier.fr\/wp-content\/uploads\/2024\/12\/tarifs_2024_test-1-723x1024.jpg?strip=info&#038;w=1200&#038;ssl=1 1200w,https:\/\/i0.wp.com\/www.julien-charlier.fr\/wp-content\/uploads\/2024\/12\/tarifs_2024_test-1-723x1024.jpg?strip=info&#038;w=1500&#038;ssl=1 1500w,https:\/\/i0.wp.com\/www.julien-charlier.fr\/wp-content\/uploads\/2024\/12\/tarifs_2024_test-1-723x1024.jpg?strip=info&#038;w=1800&#038;ssl=1 1800w,https:\/\/i0.wp.com\/www.julien-charlier.fr\/wp-content\/uploads\/2024\/12\/tarifs_2024_test-1-723x1024.jpg?strip=info&#038;w=1809&#038;ssl=1 1809w\" alt=\"\" data-height=\"2560\" data-id=\"191\" data-link=\"https:\/\/www.julien-charlier.fr\/?attachment_id=191\" data-url=\"https:\/\/www.julien-charlier.fr\/wp-content\/uploads\/2024\/12\/tarifs_2024_test-1-723x1024.jpg\" data-width=\"1809\" src=\"https:\/\/i0.wp.com\/www.julien-charlier.fr\/wp-content\/uploads\/2024\/12\/tarifs_2024_test-1-723x1024.jpg?ssl=1\" data-amp-layout=\"responsive\" aria-label=\"Ouvrir l\u2019image 2 sur 2 en plein \u00e9cran\"\/><\/figure><\/div><\/div><\/div><\/div><\/div>\n\n\n\n<p>Exemple de campagne d&#8217;emailing envoy\u00e9 pour le compte d&rsquo;Air France. Un exemple tr\u00e8s factuel, peu cr\u00e9atif, et avec une marge de manoeuvre tr\u00e8s faible, voire inexistante.<\/p>\n\n\n\n<p>Grille tarifaire r\u00e9alis\u00e9e pour un h\u00f4tel, ma r\u00e9flexion \u00e0 surtout port\u00e9 sur la hi\u00e9rarchisation de l&rsquo;information; et une harmonisation globale.<\/p>\n\n\n\n<p>Ce ne sont que quelques exemple mais qui sont assez parlants quand \u00e0 la diversit\u00e9 des possibilit\u00e9s que nous pouvons exploiter ensemble.<\/p>\n\n\n\n<p><\/p>\n","protected":false},"excerpt":{"rendered":"<p>Qu&rsquo;il s&rsquo;agisse d&rsquo;un logo, d&rsquo;une charte graphique, ou bien d&rsquo;un flyer, il y a toujours une part de graphisme, en plus de l&rsquo;aspect informatif. Le v\u00e9ritable travail du graphiste, n&rsquo;est pas simplement de faire de beaux visuels. Un bon graphiste prendra en compte en premier lieu la lisibilit\u00e9 de l&rsquo;information et sa hi\u00e9rarchisation. Il est [&hellip;]<\/p>\n","protected":false},"author":1,"featured_media":0,"parent":0,"menu_order":0,"comment_status":"closed","ping_status":"closed","template":"","meta":{"footnotes":""},"class_list":["post-102","page","type-page","status-publish","hentry"],"jetpack_sharing_enabled":true,"_links":{"self":[{"href":"https:\/\/www.julien-charlier.fr\/index.php?rest_route=\/wp\/v2\/pages\/102","targetHints":{"allow":["GET"]}}],"collection":[{"href":"https:\/\/www.julien-charlier.fr\/index.php?rest_route=\/wp\/v2\/pages"}],"about":[{"href":"https:\/\/www.julien-charlier.fr\/index.php?rest_route=\/wp\/v2\/types\/page"}],"author":[{"embeddable":true,"href":"https:\/\/www.julien-charlier.fr\/index.php?rest_route=\/wp\/v2\/users\/1"}],"replies":[{"embeddable":true,"href":"https:\/\/www.julien-charlier.fr\/index.php?rest_route=%2Fwp%2Fv2%2Fcomments&post=102"}],"version-history":[{"count":5,"href":"https:\/\/www.julien-charlier.fr\/index.php?rest_route=\/wp\/v2\/pages\/102\/revisions"}],"predecessor-version":[{"id":273,"href":"https:\/\/www.julien-charlier.fr\/index.php?rest_route=\/wp\/v2\/pages\/102\/revisions\/273"}],"wp:attachment":[{"href":"https:\/\/www.julien-charlier.fr\/index.php?rest_route=%2Fwp%2Fv2%2Fmedia&parent=102"}],"curies":[{"name":"wp","href":"https:\/\/api.w.org\/{rel}","templated":true}]}}